{"id":3018,"date":"2022-10-21T07:07:21","date_gmt":"2022-10-21T07:07:21","guid":{"rendered":"https:\/\/klbtheme.com\/partdo\/?post_type=product&amp;p=3018"},"modified":"2023-12-14T16:16:41","modified_gmt":"2023-12-14T16:16:41","slug":"factory-radio-am-fm-radio-cd-player","status":"publish","type":"product","link":"https:\/\/talevix.com\/index.php\/product\/factory-radio-am-fm-radio-cd-player\/","title":{"rendered":"Factory Radio AM FM Radio CD Player"},"content":{"rendered":"<p><span style=\"vertical-align: inherit;\"><span style=\"vertical-align: inherit;\"><span style=\"vertical-align: inherit;\">Quisque varius diam vel metus mattis, id aliquam diam rhoncus. <\/span><span style=\"vertical-align: inherit;\">Proin vitae magna in dui finibus maleuada et at nulla. <\/span><span style=\"vertical-align: inherit;\">Morbi elit ex, viverra vitae ante vel, blandit feugiat ligula. <\/span><span style=\"vertical-align: inherit;\">Fusce fermentum iaculis nibh, sodales leo maximus a&#8217;da. <\/span><span style=\"vertical-align: inherit;\">Nullam ultricies sodales nunc, pellentesque lorem mattis quis. <\/span><span style=\"vertical-align: inherit;\">Rahibe tristique lacinia&#8217;da Cras imperdiet est. <\/span><span style=\"vertical-align: inherit;\">Suspendisse velit ex, aliquet vel ornare vel, haydut bir tortor.<\/span><\/span><\/span><\/p>\n<p><span style=\"vertical-align: inherit;\"><span style=\"vertical-align: inherit;\"><span style=\"vertical-align: inherit;\">Morbi ut sapien vitae odio accumsan gravida. <\/span><\/span><span style=\"vertical-align: inherit;\"><span style=\"vertical-align: inherit;\">Morbi vitae d\u00f6nemi yap\u0131mc\u0131s\u0131, eleifend nunc a, lobortis neque. <\/span><\/span><span style=\"vertical-align: inherit;\"><span style=\"vertical-align: inherit;\">Praesent aliquam dignissim viverra. <\/span><\/span><span style=\"vertical-align: inherit;\"><span style=\"vertical-align: inherit;\">Maecenas lacus odio, feugiat eu nunc sit amet, maximus sagittis dolor. <\/span><\/span><span style=\"vertical-align: inherit;\"><span style=\"vertical-align: inherit;\">Vivamus nisi sapien, elementum sit amet eros sit amet, ultricies cursus ipsum. <\/span><\/span><span style=\"vertical-align: inherit;\"><span style=\"vertical-align: inherit;\">Sed consequat luctus ligula. <\/span><\/span><span style=\"vertical-align: inherit;\"><span style=\"vertical-align: inherit;\">Curabitur laoreet rhoncus blandit. <\/span><\/span><span style=\"vertical-align: inherit;\"><span style=\"vertical-align: inherit;\">Aenean vel diam ut arcu pharetra dignissim ut sed leo. <\/span><\/span><span style=\"vertical-align: inherit;\"><span style=\"vertical-align: inherit;\">Vivamus faucibus, vestibulum vulputate&#8217;de ipsum, lorem orci convallis quam, sit amet consequat nulla felis pharetra lacus. <\/span><\/span><span style=\"vertical-align: inherit;\"><span style=\"vertical-align: inherit;\">Bir g\u00fcn \u00f6nce mauris, sed egestas purus komodin<\/span><\/span><\/span><\/p>\n","protected":false},"excerpt":{"rendered":"<ul>\n<li>Best-in-class all-around performance<\/li>\n<li>Confident driving in all weather conditions<\/li>\n<li>Visual Alignment Indicators<\/li>\n<\/ul>\n","protected":false},"featured_media":3019,"comment_status":"open","ping_status":"closed","template":"","meta":[],"product_cat":[148,87],"product_tag":[],"_links":{"self":[{"href":"https:\/\/talevix.com\/index.php\/wp-json\/wp\/v2\/product\/3018"}],"collection":[{"href":"https:\/\/talevix.com\/index.php\/wp-json\/wp\/v2\/product"}],"about":[{"href":"https:\/\/talevix.com\/index.php\/wp-json\/wp\/v2\/types\/product"}],"replies":[{"embeddable":true,"href":"https:\/\/talevix.com\/index.php\/wp-json\/wp\/v2\/comments?post=3018"}],"wp:featuredmedia":[{"embeddable":true,"href":"https:\/\/talevix.com\/index.php\/wp-json\/wp\/v2\/media\/3019"}],"wp:attachment":[{"href":"https:\/\/talevix.com\/index.php\/wp-json\/wp\/v2\/media?parent=3018"}],"wp:term":[{"taxonomy":"product_cat","embeddable":true,"href":"https:\/\/talevix.com\/index.php\/wp-json\/wp\/v2\/product_cat?post=3018"},{"taxonomy":"product_tag","embeddable":true,"href":"https:\/\/talevix.com\/index.php\/wp-json\/wp\/v2\/product_tag?post=3018"}],"curies":[{"name":"wp","href":"https:\/\/api.w.org\/{rel}","templated":true}]}}